{"id":12844,"date":"2020-06-23T14:08:34","date_gmt":"2020-06-23T12:08:34","guid":{"rendered":"https:\/\/www.la-villa-augustine.com\/avis-clients\/"},"modified":"2024-01-23T10:36:50","modified_gmt":"2024-01-23T09:36:50","slug":"avis-clients","status":"publish","type":"page","link":"https:\/\/www.la-villa-augustine.com\/de\/avis-clients\/","title":{"rendered":"Kundenmeinung"},"content":{"rendered":"<p><section class=\"kc-elm kc-css-378099 kc_row\"><div class=\"befbgr\" data-ssc-svg=\"\" data-ssc-img-s=\"\" data-ssc-img-anim=\"\"><\/div><div class=\"befbgr\" data-ssc-svg=\"\" data-ssc-img-s=\"\" data-ssc-img-anim=\"\"><\/div><div class=\"aftbgr\" data-ssc-svg=\"\" data-ssc-img-s=\"\" data-ssc-img-anim=\"\"><\/div><div class=\"aftbgr\" data-ssc-svg=\"\" data-ssc-img-s=\"\" data-ssc-img-anim=\"\"><\/div><div class=\"befbgr5\" data-ssc-svg=\"\" data-ssc-img-s=\"\" data-ssc-img-anim=\"\"><\/div><div class=\"befbgr6\" data-ssc-svg=\"\" data-ssc-img-s=\"\" data-ssc-img-anim=\"\"><\/div><div class=\"aftbgr7\" data-ssc-svg=\"\" data-ssc-img-s=\"\" data-ssc-img-anim=\"\"><\/div><div class=\"aftbgr8\" data-ssc-svg=\"\" data-ssc-img-s=\"\" data-ssc-img-anim=\"\"><\/div><div class=\"kc-row-container  kc-container\"><div class=\"kc-wrap-columns\"><div class=\"kc-elm kc-css-455867 kc_col-sm-12 kc_column kc_col-sm-12\"><div class=\"kc-col-container\"><div  class=\"ssc_mltttl  kc-elm kc-css-936170 \"><h1 class=\"wr deb derb dea dera none nonea\"><span class=\"t1\">Kundenmeinung<\/span><\/h1><\/div>\n<div class=\"kc-elm kc-css-731935 divider_line\">\n\t<div class=\"divider_inner divider_line1\">\n\t\t\t<\/div>\n<\/div>\n<div  class=\"ssc-breadcrumbs kc-elm kc-css-586863 \"><a class=\"ssc-breadcrumb-home\"  rel=\"v:url\" property=\"v:title\" href=\"https:\/\/www.la-villa-augustine.com\/de\/\">Accueil<\/a><span class=\"divider\">\/<\/span><span class=\"ssc-breadcrumb\">Seite<\/span><\/div><\/div><\/div><\/div><\/div><\/section><section class=\"kc-elm kc-css-422777 kc_row\"><div class=\"befbgr\" data-ssc-svg=\"\" data-ssc-img-s=\"\" data-ssc-img-anim=\"\"><\/div><div class=\"befbgr\" data-ssc-svg=\"\" data-ssc-img-s=\"\" data-ssc-img-anim=\"\"><\/div><div class=\"aftbgr\" data-ssc-svg=\"\" data-ssc-img-s=\"\" data-ssc-img-anim=\"\"><\/div><div class=\"aftbgr\" data-ssc-svg=\"\" data-ssc-img-s=\"\" data-ssc-img-anim=\"\"><\/div><div class=\"befbgr5\" data-ssc-svg=\"\" data-ssc-img-s=\"\" data-ssc-img-anim=\"\"><\/div><div class=\"befbgr6\" data-ssc-svg=\"\" data-ssc-img-s=\"\" data-ssc-img-anim=\"\"><\/div><div class=\"aftbgr7\" data-ssc-svg=\"\" data-ssc-img-s=\"\" data-ssc-img-anim=\"\"><\/div><div class=\"aftbgr8\" data-ssc-svg=\"\" data-ssc-img-s=\"\" data-ssc-img-anim=\"\"><\/div><div class=\"kc-row-container\"><div class=\"kc-wrap-columns\"><div class=\"kc-elm kc-css-493554 kc_col-sm-6 kc_column kc_col-sm-6\"><div class=\"kc-col-container\"><\/div><\/div><div class=\"kc-elm kc-css-104175 kc_col-sm-6 kc_column kc_col-sm-6\"><div class=\"kc-col-container\"><div  class=\"ssc_mltttl  kc-elm kc-css-567210 \"><div class=\"wr deb derb dea dera none nonea\"><span class=\"t1\">Guillaume Frankreich<\/span><h3 class=\"t2\">Die Lage ist nur 10 Minuten vom Zentrum von Dieppe, Rue de la Barre, mit seinen Gesch\u00e4ften und dem Markt entfernt.<\/h3><\/div><\/div><div class=\"kc-elm kc-css-221996 kc_text_block\"><\/p>\n<p>Die Lage ist nur 10 Minuten vom Zentrum von Dieppe, Rue de la Barre, mit seinen Gesch\u00e4ften und dem Markt entfernt. 5 Minuten vom Bahnhof entfernt. Sehr gepflegte und schicke Dekoration, sehr gem\u00fctliche, sehr saubere Unterkunft mit sehr gut ausgestatteter K\u00fcche. Zugang zur Villa ist wahlweise \u00fcber Digicode oder mit Schl\u00fcssel. Colin, der Eigent\u00fcmer, ist sehr hilfsbereit und hat uns einen sehr netten Empfang bereitet (immerhin 22:30 Uhr!), indem er uns sowohl \u00fcber die Unterkunft als auch \u00fcber die Aktivit\u00e4ten, Bars und Restaurants in Dieppe informiert hat. Apfelsaft und eine lokale Spezialit\u00e4t als Willkommensgru\u00df. Der kleine Garten ist f\u00fcr einen Schlummertrunk oder einen Kaffee am Morgen zug\u00e4nglich. Es war leicht m\u00f6glich, unser Gep\u00e4ck sicher aufzubewahren, w\u00e4hrend wir auf unseren Abfahrtszug warteten.<\/p>\n<p>\n<\/div><div  class=\"ssc_mltttl  kc-elm kc-css-911735 \"><div class=\"wr deb derb dea dera none nonea\"><span class=\"t1\">August 2022<\/span><\/div><\/div><\/div><\/div><\/div><\/div><\/section><section class=\"kc-elm kc-css-62135 kc_row\"><div class=\"befbgr\" data-ssc-svg=\"\" data-ssc-img-s=\"\" data-ssc-img-anim=\"\"><\/div><div class=\"befbgr\" data-ssc-svg=\"\" data-ssc-img-s=\"\" data-ssc-img-anim=\"\"><\/div><div class=\"aftbgr\" data-ssc-svg=\"\" data-ssc-img-s=\"\" data-ssc-img-anim=\"\"><\/div><div class=\"aftbgr\" data-ssc-svg=\"\" data-ssc-img-s=\"\" data-ssc-img-anim=\"\"><\/div><div class=\"befbgr5\" data-ssc-svg=\"\" data-ssc-img-s=\"\" data-ssc-img-anim=\"\"><\/div><div class=\"befbgr6\" data-ssc-svg=\"\" data-ssc-img-s=\"\" data-ssc-img-anim=\"\"><\/div><div class=\"aftbgr7\" data-ssc-svg=\"\" data-ssc-img-s=\"\" data-ssc-img-anim=\"\"><\/div><div class=\"aftbgr8\" data-ssc-svg=\"\" data-ssc-img-s=\"\" data-ssc-img-anim=\"\"><\/div><div class=\"kc-row-container\"><div class=\"kc-wrap-columns\"><div class=\"kc-elm kc-css-267160 kc_col-sm-6 kc_column kc_col-sm-6\"><div class=\"kc-col-container\"><div  class=\"ssc_mltttl  kc-elm kc-css-699446 \"><div class=\"wr deb derb dea dera none nonea\"><span class=\"t1\">Rachel Gro\u00dfbritannien<\/span><h3 class=\"t2\">Das Studio war perfekt f\u00fcr mich und meine Tochter im Teenager-Alter.<\/h3><\/div><\/div><div class=\"kc-elm kc-css-788665 kc_text_block\"><\/p>\n<p>Das Studio war perfekt f\u00fcr mich und meine Tochter im Teenager-Alter. Es war super s\u00fc\u00df und zu unserer \u00dcberraschung verf\u00fcgten wir \u00fcber einen sch\u00f6nen kleinen Garten. Die Einrichtung in der gesamten Villa war wirklich sch\u00f6n so viel sch\u00f6ner als bei allen Unterk\u00fcnften, die ich auf der Reisebuchungsseite gesehen hatte \ud83d\udda4. Die Lage war super f\u00fcr uns. Nur einen kurzen Spaziergang zum Strand, Restaurants und Gesch\u00e4ften&#8230; Colin war ein gro\u00dfartiger Gastgeber und wir freuen uns schon wieder sehr auf einen erneuten Besuch :)))<\/p>\n<p>\n<\/div><div  class=\"ssc_mltttl  kc-elm kc-css-381505 \"><div class=\"wr deb derb dea dera none nonea\"><span class=\"t1\">Juli 2022<\/span><\/div><\/div><\/div><\/div><div class=\"kc-elm kc-css-964200 kc_col-sm-6 kc_column kc_col-sm-6\"><div class=\"kc-col-container\"><\/div><\/div><\/div><\/div><\/section><section class=\"kc-elm kc-css-485316 kc_row\"><div class=\"befbgr\" data-ssc-svg=\"\" data-ssc-img-s=\"\" data-ssc-img-anim=\"\"><\/div><div class=\"befbgr\" data-ssc-svg=\"\" data-ssc-img-s=\"\" data-ssc-img-anim=\"\"><\/div><div class=\"aftbgr\" data-ssc-svg=\"\" data-ssc-img-s=\"\" data-ssc-img-anim=\"\"><\/div><div class=\"aftbgr\" data-ssc-svg=\"\" data-ssc-img-s=\"\" data-ssc-img-anim=\"\"><\/div><div class=\"befbgr5\" data-ssc-svg=\"\" data-ssc-img-s=\"\" data-ssc-img-anim=\"\"><\/div><div class=\"befbgr6\" data-ssc-svg=\"\" data-ssc-img-s=\"\" data-ssc-img-anim=\"\"><\/div><div class=\"aftbgr7\" data-ssc-svg=\"\" data-ssc-img-s=\"\" data-ssc-img-anim=\"\"><\/div><div class=\"aftbgr8\" data-ssc-svg=\"\" data-ssc-img-s=\"\" data-ssc-img-anim=\"\"><\/div><div class=\"kc-row-container\"><div class=\"kc-wrap-columns\"><div class=\"kc-elm kc-css-332409 kc_col-sm-6 kc_column kc_col-sm-6\"><div class=\"kc-col-container\"><\/div><\/div><div class=\"kc-elm kc-css-847595 kc_col-sm-6 kc_column kc_col-sm-6\"><div class=\"kc-col-container\"><div  class=\"ssc_mltttl  kc-elm kc-css-332384 \"><div class=\"wr deb derb dea dera none nonea\"><span class=\"t1\">Emma, East Gwillimbury, Kanada<\/span><h3 class=\"t2\">Perfekt in jeder Hinsicht! Dies war unser erster Airbnb-Aufenthalt in Frankreich und wir f\u00fchlten uns hier so wohl und willkommen.<\/h3><\/div><\/div><div class=\"kc-elm kc-css-905363 kc_text_block\"><\/p>\n<p>Perfekt in jeder Hinsicht! Dies war unser erster Airbnb-Aufenthalt in Frankreich und wir f\u00fchlten uns hier so wohl und willkommen. Obwohl wir nur eine Nacht hier verbracht haben, werden wir diesen Aufenthalt als einen unserer absoluten Favoriten in Erinnerung behalten. Als Liebhaberin der Inneneinrichtung fielt mir Colins Villa sofort ins Auge, als ich nach Unterk\u00fcnften in Dieppe suchte. Zu meiner \u00dcberraschung war die Villa in natura sogar noch beeindruckender! Hinter jeder kleinen Ecke der Wohnung steckte so viel Liebe zum Detail. Durch diese kleinen Details f\u00fchlte sich die Wohnung wie ein richtiges zweites Zuhause an. Abgesehen davon, dass die Wohnung einem Magazin w\u00fcrdig war, war alles makellos, intakt und \u00e4u\u00dferst komfortabel. Die Wohnung war so gut gepflegt, dass alles noch wie neu aussah &#8211; eine Seltenheit f\u00fcr stark frequentierte, auf Touristen ausgerichtete Wohnungen. Als ich mich mit Colin in Verbindung setzte, um ihm mitzuteilen, dass wir sp\u00e4t in der Nacht mit der F\u00e4hre ankommen w\u00fcrden, gab er uns eine Nummer f\u00fcr den Taxiservice und teilte uns mit, wie lange wir vom Hafen aus br\u00e4uchten, um zur Villa zu gelangen. Selbst um 23 Uhr wurden wir an der T\u00fcr herzlich begr\u00fc\u00dft und zu unseren Zimmern gef\u00fchrt. Die Lage ist sehr zentral gelegen und am n\u00e4chsten Morgen war es nur ein kurzer Spaziergang zum Strand. Wir konnten sogar unser Gep\u00e4ck nach dem Auschecken dort lassen, da unser Zug um 14 Uhr abfuhr und wir unser Gep\u00e4ck nicht den ganzen Tag mit uns herumtragen wollten. Schlie\u00dflich sind wir Leichtschl\u00e4fer und waren daher etwas besorgt \u00fcber einige andere Bewertungen, die darauf hinwiesen, wie laut die M\u00f6wen am Morgen waren. Wir haben sie zwar geh\u00f6rt, aber sie waren nicht ann\u00e4hernd so laut, wie sie in anderen Bewertungen dargestellt wurden. Wir haben gut durchgeschlafen! Insgesamt war dies ein kurzer, aber unvergesslicher Aufenthalt. Wir w\u00fcrden Dieppe noch viele Male besuchen, nur um wieder hier zu \u00fcbernachten! Danke f\u00fcr alles! \ud83d\ude42<\/p>\n<p>\n<\/div><div  class=\"ssc_mltttl  kc-elm kc-css-532345 \"><div class=\"wr deb derb dea dera none nonea\"><span class=\"t1\">August 2022<\/span><\/div><\/div><\/div><\/div><\/div><\/div><\/section><section class=\"kc-elm kc-css-51034 kc_row\"><div class=\"befbgr\" data-ssc-svg=\"\" data-ssc-img-s=\"\" data-ssc-img-anim=\"\"><\/div><div class=\"befbgr\" data-ssc-svg=\"\" data-ssc-img-s=\"\" data-ssc-img-anim=\"\"><\/div><div class=\"aftbgr\" data-ssc-svg=\"\" data-ssc-img-s=\"\" data-ssc-img-anim=\"\"><\/div><div class=\"aftbgr\" data-ssc-svg=\"\" data-ssc-img-s=\"\" data-ssc-img-anim=\"\"><\/div><div class=\"befbgr5\" data-ssc-svg=\"\" data-ssc-img-s=\"\" data-ssc-img-anim=\"\"><\/div><div class=\"befbgr6\" data-ssc-svg=\"\" data-ssc-img-s=\"\" data-ssc-img-anim=\"\"><\/div><div class=\"aftbgr7\" data-ssc-svg=\"\" data-ssc-img-s=\"\" data-ssc-img-anim=\"\"><\/div><div class=\"aftbgr8\" data-ssc-svg=\"\" data-ssc-img-s=\"\" data-ssc-img-anim=\"\"><\/div><div class=\"kc-row-container\"><div class=\"kc-wrap-columns\"><div class=\"kc-elm kc-css-515896 kc_col-sm-6 kc_column kc_col-sm-6\"><div class=\"kc-col-container\"><div  class=\"ssc_mltttl  kc-elm kc-css-446543 \"><div class=\"wr deb derb dea dera none nonea\"><span class=\"t1\">Sarah, Longueau, Frankreich<\/span><h3 class=\"t2\">Alles war perfekt! Die Villa ist einfach wundersch\u00f6n, geschmackvoll eingerichtet.<\/h3><\/div><\/div><div class=\"kc-elm kc-css-753914 kc_text_block\"><\/p>\n<p>Alles war perfekt! Die Villa ist einfach wundersch\u00f6n, geschmackvoll eingerichtet. Schon beim Betreten des Hauses riechen Sie einen subtil ausgew\u00e4hlten Duft und werden von der Sch\u00f6nheit des Ortes verf\u00fchrt! Unser Apartment Albertine war sehr sch\u00f6n eingerichtet, mit allem, was man braucht, um einen sch\u00f6nen Aufenthalt zu verbringen! Colin ist ein aufmerksamer Gastgeber (nochmals vielen Dank f\u00fcr die kleinen Geschenke bei unserer Ankunft!), der gute Ratschl\u00e4ge f\u00fcr gute Adressen in der Gegend gibt \ud83d\ude09 Wir empfehlen Ihnen w\u00e4rmstens diesen entspannenden, ruhigen Ort, der nur wenige Schritte vom Stadtzentrum entfernt ist.<\/p>\n<p>\n<\/div><div  class=\"ssc_mltttl  kc-elm kc-css-580718 \"><div class=\"wr deb derb dea dera none nonea\"><span class=\"t1\">August 2022<\/span><\/div><\/div><\/div><\/div><div class=\"kc-elm kc-css-328023 kc_col-sm-6 kc_column kc_col-sm-6\"><div class=\"kc-col-container\"><\/div><\/div><\/div><\/div><\/section><\/p>\n","protected":false},"excerpt":{"rendered":"","protected":false},"author":1,"featured_media":0,"parent":0,"menu_order":0,"comment_status":"closed","ping_status":"closed","template":"","meta":{"footnotes":""},"class_list":["post-12844","page","type-page","status-publish","hentry"],"yoast_head":"<!-- This site is optimized with the Yoast SEO plugin v24.9 - https:\/\/yoast.com\/wordpress\/plugins\/seo\/ -->\n<title>Kundenmeinung - La Villa Augustine<\/title>\n<meta name=\"robots\" content=\"index, follow, max-snippet:-1, max-image-preview:large, max-video-preview:-1\" \/>\n<link rel=\"canonical\" href=\"https:\/\/www.la-villa-augustine.com\/de\/avis-clients\/\" \/>\n<meta property=\"og:locale\" content=\"de_DE\" \/>\n<meta property=\"og:type\" content=\"article\" \/>\n<meta property=\"og:title\" content=\"Kundenmeinung - La Villa Augustine\" \/>\n<meta property=\"og:description\" content=\"Kundenmeinung Accueil\/Page Guillaume Frankreich Die Lage ist nur 10 Minuten vom Zentrum von Dieppe, Rue de la Barre, mit seinen Gesch\u00e4ften und dem Markt entfernt. Die Lage ist nur 10 Minuten vom Zentrum von Dieppe, Rue de la Barre, mit seinen Gesch\u00e4ften und dem Markt entfernt. 5 Minuten vom Bahnhof entfernt. Sehr gepflegte und schicke...\" \/>\n<meta property=\"og:url\" content=\"https:\/\/www.la-villa-augustine.com\/de\/avis-clients\/\" \/>\n<meta property=\"og:site_name\" content=\"La Villa Augustine\" \/>\n<meta property=\"article:modified_time\" content=\"2024-01-23T09:36:50+00:00\" \/>\n<meta name=\"twitter:card\" content=\"summary_large_image\" \/>\n<meta name=\"twitter:label1\" content=\"Gesch\u00e4tzte Lesezeit\" \/>\n\t<meta name=\"twitter:data1\" content=\"4\u00a0Minuten\" \/>\n<script type=\"application\/ld+json\" class=\"yoast-schema-graph\">{\"@context\":\"https:\/\/schema.org\",\"@graph\":[{\"@type\":\"WebPage\",\"@id\":\"https:\/\/www.la-villa-augustine.com\/de\/avis-clients\/\",\"url\":\"https:\/\/www.la-villa-augustine.com\/de\/avis-clients\/\",\"name\":\"Kundenmeinung - La Villa Augustine\",\"isPartOf\":{\"@id\":\"https:\/\/www.la-villa-augustine.com\/de\/#website\"},\"datePublished\":\"2020-06-23T12:08:34+00:00\",\"dateModified\":\"2024-01-23T09:36:50+00:00\",\"breadcrumb\":{\"@id\":\"https:\/\/www.la-villa-augustine.com\/de\/avis-clients\/#breadcrumb\"},\"inLanguage\":\"de\",\"potentialAction\":[{\"@type\":\"ReadAction\",\"target\":[\"https:\/\/www.la-villa-augustine.com\/de\/avis-clients\/\"]}]},{\"@type\":\"BreadcrumbList\",\"@id\":\"https:\/\/www.la-villa-augustine.com\/de\/avis-clients\/#breadcrumb\",\"itemListElement\":[{\"@type\":\"ListItem\",\"position\":1,\"name\":\"Accueil\",\"item\":\"https:\/\/www.la-villa-augustine.com\/de\/\"},{\"@type\":\"ListItem\",\"position\":2,\"name\":\"Kundenmeinung\"}]},{\"@type\":\"WebSite\",\"@id\":\"https:\/\/www.la-villa-augustine.com\/de\/#website\",\"url\":\"https:\/\/www.la-villa-augustine.com\/de\/\",\"name\":\"La Villa Augustine\",\"description\":\"\",\"publisher\":{\"@id\":\"https:\/\/www.la-villa-augustine.com\/de\/#organization\"},\"potentialAction\":[{\"@type\":\"SearchAction\",\"target\":{\"@type\":\"EntryPoint\",\"urlTemplate\":\"https:\/\/www.la-villa-augustine.com\/de\/?s={search_term_string}\"},\"query-input\":{\"@type\":\"PropertyValueSpecification\",\"valueRequired\":true,\"valueName\":\"search_term_string\"}}],\"inLanguage\":\"de\"},{\"@type\":\"Organization\",\"@id\":\"https:\/\/www.la-villa-augustine.com\/de\/#organization\",\"name\":\"La Villa Augustine\",\"url\":\"https:\/\/www.la-villa-augustine.com\/de\/\",\"logo\":{\"@type\":\"ImageObject\",\"inLanguage\":\"de\",\"@id\":\"https:\/\/www.la-villa-augustine.com\/de\/#\/schema\/logo\/image\/\",\"url\":\"https:\/\/www.la-villa-augustine.com\/wp-content\/uploads\/2021\/12\/cropped-logo.jpg\",\"contentUrl\":\"https:\/\/www.la-villa-augustine.com\/wp-content\/uploads\/2021\/12\/cropped-logo.jpg\",\"width\":512,\"height\":512,\"caption\":\"La Villa Augustine\"},\"image\":{\"@id\":\"https:\/\/www.la-villa-augustine.com\/de\/#\/schema\/logo\/image\/\"}}]}<\/script>\n<!-- \/ Yoast SEO plugin. -->","yoast_head_json":{"title":"Kundenmeinung - La Villa Augustine","robots":{"index":"index","follow":"follow","max-snippet":"max-snippet:-1","max-image-preview":"max-image-preview:large","max-video-preview":"max-video-preview:-1"},"canonical":"https:\/\/www.la-villa-augustine.com\/de\/avis-clients\/","og_locale":"de_DE","og_type":"article","og_title":"Kundenmeinung - La Villa Augustine","og_description":"Kundenmeinung Accueil\/Page Guillaume Frankreich Die Lage ist nur 10 Minuten vom Zentrum von Dieppe, Rue de la Barre, mit seinen Gesch\u00e4ften und dem Markt entfernt. Die Lage ist nur 10 Minuten vom Zentrum von Dieppe, Rue de la Barre, mit seinen Gesch\u00e4ften und dem Markt entfernt. 5 Minuten vom Bahnhof entfernt. Sehr gepflegte und schicke...","og_url":"https:\/\/www.la-villa-augustine.com\/de\/avis-clients\/","og_site_name":"La Villa Augustine","article_modified_time":"2024-01-23T09:36:50+00:00","twitter_card":"summary_large_image","twitter_misc":{"Gesch\u00e4tzte Lesezeit":"4\u00a0Minuten"},"schema":{"@context":"https:\/\/schema.org","@graph":[{"@type":"WebPage","@id":"https:\/\/www.la-villa-augustine.com\/de\/avis-clients\/","url":"https:\/\/www.la-villa-augustine.com\/de\/avis-clients\/","name":"Kundenmeinung - La Villa Augustine","isPartOf":{"@id":"https:\/\/www.la-villa-augustine.com\/de\/#website"},"datePublished":"2020-06-23T12:08:34+00:00","dateModified":"2024-01-23T09:36:50+00:00","breadcrumb":{"@id":"https:\/\/www.la-villa-augustine.com\/de\/avis-clients\/#breadcrumb"},"inLanguage":"de","potentialAction":[{"@type":"ReadAction","target":["https:\/\/www.la-villa-augustine.com\/de\/avis-clients\/"]}]},{"@type":"BreadcrumbList","@id":"https:\/\/www.la-villa-augustine.com\/de\/avis-clients\/#breadcrumb","itemListElement":[{"@type":"ListItem","position":1,"name":"Accueil","item":"https:\/\/www.la-villa-augustine.com\/de\/"},{"@type":"ListItem","position":2,"name":"Kundenmeinung"}]},{"@type":"WebSite","@id":"https:\/\/www.la-villa-augustine.com\/de\/#website","url":"https:\/\/www.la-villa-augustine.com\/de\/","name":"La Villa Augustine","description":"","publisher":{"@id":"https:\/\/www.la-villa-augustine.com\/de\/#organization"},"potentialAction":[{"@type":"SearchAction","target":{"@type":"EntryPoint","urlTemplate":"https:\/\/www.la-villa-augustine.com\/de\/?s={search_term_string}"},"query-input":{"@type":"PropertyValueSpecification","valueRequired":true,"valueName":"search_term_string"}}],"inLanguage":"de"},{"@type":"Organization","@id":"https:\/\/www.la-villa-augustine.com\/de\/#organization","name":"La Villa Augustine","url":"https:\/\/www.la-villa-augustine.com\/de\/","logo":{"@type":"ImageObject","inLanguage":"de","@id":"https:\/\/www.la-villa-augustine.com\/de\/#\/schema\/logo\/image\/","url":"https:\/\/www.la-villa-augustine.com\/wp-content\/uploads\/2021\/12\/cropped-logo.jpg","contentUrl":"https:\/\/www.la-villa-augustine.com\/wp-content\/uploads\/2021\/12\/cropped-logo.jpg","width":512,"height":512,"caption":"La Villa Augustine"},"image":{"@id":"https:\/\/www.la-villa-augustine.com\/de\/#\/schema\/logo\/image\/"}}]}},"_links":{"self":[{"href":"https:\/\/www.la-villa-augustine.com\/de\/wp-json\/wp\/v2\/pages\/12844","targetHints":{"allow":["GET"]}}],"collection":[{"href":"https:\/\/www.la-villa-augustine.com\/de\/wp-json\/wp\/v2\/pages"}],"about":[{"href":"https:\/\/www.la-villa-augustine.com\/de\/wp-json\/wp\/v2\/types\/page"}],"author":[{"embeddable":true,"href":"https:\/\/www.la-villa-augustine.com\/de\/wp-json\/wp\/v2\/users\/1"}],"replies":[{"embeddable":true,"href":"https:\/\/www.la-villa-augustine.com\/de\/wp-json\/wp\/v2\/comments?post=12844"}],"version-history":[{"count":6,"href":"https:\/\/www.la-villa-augustine.com\/de\/wp-json\/wp\/v2\/pages\/12844\/revisions"}],"predecessor-version":[{"id":13011,"href":"https:\/\/www.la-villa-augustine.com\/de\/wp-json\/wp\/v2\/pages\/12844\/revisions\/13011"}],"wp:attachment":[{"href":"https:\/\/www.la-villa-augustine.com\/de\/wp-json\/wp\/v2\/media?parent=12844"}],"curies":[{"name":"wp","href":"https:\/\/api.w.org\/{rel}","templated":true}]}}