{"id":12628,"date":"2022-04-09T01:14:37","date_gmt":"2022-04-08T23:14:37","guid":{"rendered":"https:\/\/www.la-villa-augustine.com\/?page_id=12628"},"modified":"2022-04-09T01:16:26","modified_gmt":"2022-04-08T23:16:26","slug":"rechtliche-hinweise","status":"publish","type":"page","link":"https:\/\/www.la-villa-augustine.com\/de\/rechtliche-hinweise\/","title":{"rendered":"Rechtliche Hinweise"},"content":{"rendered":"<p><i>(Geregelt durch das Gesetz Nr. 2004-575 vom 21. Juni 2004 zur F\u00f6rderung des Vertrauens in die digitale Wirtschaft)<\/i><\/p>\n<p><b>Herausgeber der Website<\/b><\/p>\n<p>Der Herausgeber dieser Website ist SCI VILLA AUGUSTE <\/p>\n<p>(Handelsname: La Villa Augustine) mit Sitz in: <\/p>\n<p>6 rue de Blainville<br \/>\n76200 DIEPPE <i> <\/i><br \/>\nTelefon: + 33 (0) 6 73 75 93 96<\/p>\n<p><b>E-Mail: contact@la-villa-augustine.com<\/b><\/p>\n<p>&nbsp;<\/p>\n<p><b>Die Website wird entwickelt und gehostet von:<\/b><\/p>\n<p><a href=\"http:\/\/www.creation-site-web-paris.com\">www.creation-site-web-paris.com<\/a><br \/>\n<b>Verantwortung<\/b><\/p>\n<p>Der Eigent\u00fcmer ist allein verantwortlich f\u00fcr die bereitgestellten Informationen und Dienstleistungen. SCI Villa Auguste bem\u00fcht sich jedoch nach besten Kr\u00e4ften um die Richtigkeit und Aktualit\u00e4t der auf dieser Website ver\u00f6ffentlichten Informationen und beh\u00e4lt sich das Recht vor, den Inhalt jederzeit und ohne Vorank\u00fcndigung zu korrigieren. Die Besucher werden jedoch gebeten, die Informationen auf anderen Wegen zu \u00fcberpr\u00fcfen. SCI Villa Auguste lehnt folglich jede Verantwortung ab: F\u00fcr jegliche Ungenauigkeit, Unrichtigkeit oder Auslassung in Bezug auf die auf der Website bereitgestellten Informationen; f\u00fcr jegliche Sch\u00e4den, die sich aus dem Hacken der Website durch Dritte ergeben und zu einer Ver\u00e4nderung der bereitgestellten Informationen f\u00fchren; und ganz allgemein f\u00fcr jegliche direkte oder indirekte Sch\u00e4den, unabh\u00e4ngig von ihrer Ursache, ihrem Ursprung, ihrer Art oder ihren rechtlichen Folgen, die sich aus dem Zugang oder der Unm\u00f6glichkeit des Zugangs zur Website oder aus Entscheidungen ergeben, die auf den auf der Website bereitgestellten Informationen beruhen, oder aus der Nutzung dieser Informationen durch Dritte. Dar\u00fcber hinaus sind, sofern nicht anders angegeben, die geistigen Eigentumsrechte an den auf der Website enthaltenen Dokumenten und an allen f\u00fcr diese Website erstellten Elementen ausschlie\u00dfliches Eigentum von SCI Villa Auguste oder seiner Lieferanten, die keine Lizenz oder ein anderes Recht als das der Konsultation der Website gew\u00e4hren. Die Vervielf\u00e4ltigung aller auf der Website ver\u00f6ffentlichten Dokumente ist ausschlie\u00dflich zu Informationszwecken f\u00fcr den pers\u00f6nlichen und privaten Gebrauch gestattet. Jede Vervielf\u00e4ltigung und jede Verwendung von Kopien f\u00fcr andere Zwecke ist ausdr\u00fccklich verboten. Die auf dieser Website erw\u00e4hnten Marken sind Eigentum der jeweiligen Unternehmen. Alle Produkte, Logos und Bilder, die auf den Seiten dieser Website erw\u00e4hnt werden, sind das Eigentum der jeweiligen Marke. Gerichtsstand ist Dieppe. <\/p>\n<p><b>Verarbeitung von personenbezogenen Daten<\/b><\/p>\n<p>Die Informationen, die SCI Villa Auguste sammelt, stammen aus der freiwilligen Registrierung mit einer E-Mail-Adresse, die der Internetnutzer angibt und die es ihm erm\u00f6glicht, Unterlagen zu erhalten und sich \u00fcber alle Punkte zu informieren. Diese Informationen werden niemals an Dritte weitergegeben.<\/p>\n<p><b>Urheberrecht<\/b><\/p>\n<p>Die gesamte Website unterliegt der franz\u00f6sischen und internationalen Gesetzgebung zu Urheberrecht und geistigem Eigentum. Jegliche Darstellung, Vervielf\u00e4ltigung, \u00c4nderung, kommerzielle Nutzung sowie jede \u00dcbertragung auf eine andere Website sind untersagt, es sei denn, die Genehmigung wird erteilt, nachdem sie schriftlich bei der angegebenen Adresse beantragt wurde. Nur eine rein pers\u00f6nliche Nutzung ist erlaubt.<\/p>\n<p><b>Hypertext-Links (Verantwortung)<\/b><\/p>\n<p>SCI Villa Auguste ist nicht verantwortlich f\u00fcr den Inhalt anderer Websites, die mit dieser Website verlinkt sind. Jede nat\u00fcrliche oder juristische Person, die von unserer Website www.la-villa-augustine.com einen Link zu ihrer Website einrichten m\u00f6chte, muss zuvor eine Genehmigung beantragen. Die Einrichtung eines Links auf unsere Website ist nicht genehmigungspflichtig. SCI Villa Auguste lehnt in diesem Fall jede Verantwortung ab.<\/p>\n<p><b>Bildnachweis <\/b><\/p>\n<p>Guillaume de Laubier (alle Fotos der Villa und der Wohnungen mit Ausnahme der Betten in der L\u00e9opoldine).<\/p>\n<p>Colin Rowan f\u00fcr alle anderen Fotos.<\/p>\n","protected":false},"excerpt":{"rendered":"<p>(Geregelt durch das Gesetz Nr. 2004-575 vom 21. Juni 2004 zur F\u00f6rderung des Vertrauens in die digitale Wirtschaft) Herausgeber der Website Der Herausgeber dieser Website ist SCI VILLA AUGUSTE (Handelsname: La Villa Augustine) mit Sitz in: 6 rue de Blainville 76200 DIEPPE Telefon: + 33 (0) 6 73 75 93 96 E-Mail: contact@la-villa-augustine.com &nbsp; Die&#8230;<\/p>\n","protected":false},"author":1,"featured_media":0,"parent":0,"menu_order":0,"comment_status":"closed","ping_status":"closed","template":"","meta":{"footnotes":""},"class_list":["post-12628","page","type-page","status-publish","hentry"],"yoast_head":"<!-- This site is optimized with the Yoast SEO plugin v24.9 - https:\/\/yoast.com\/wordpress\/plugins\/seo\/ -->\n<title>Rechtliche Hinweise - La Villa Augustine<\/title>\n<meta name=\"robots\" content=\"index, follow, max-snippet:-1, max-image-preview:large, max-video-preview:-1\" \/>\n<link rel=\"canonical\" href=\"https:\/\/www.la-villa-augustine.com\/de\/rechtliche-hinweise\/\" \/>\n<meta property=\"og:locale\" content=\"de_DE\" \/>\n<meta property=\"og:type\" content=\"article\" \/>\n<meta property=\"og:title\" content=\"Rechtliche Hinweise - La Villa Augustine\" \/>\n<meta property=\"og:description\" content=\"(Geregelt durch das Gesetz Nr. 2004-575 vom 21. Juni 2004 zur F\u00f6rderung des Vertrauens in die digitale Wirtschaft) Herausgeber der Website Der Herausgeber dieser Website ist SCI VILLA AUGUSTE (Handelsname: La Villa Augustine) mit Sitz in: 6 rue de Blainville 76200 DIEPPE Telefon: + 33 (0) 6 73 75 93 96 E-Mail: contact@la-villa-augustine.com &nbsp; Die...\" \/>\n<meta property=\"og:url\" content=\"https:\/\/www.la-villa-augustine.com\/de\/rechtliche-hinweise\/\" \/>\n<meta property=\"og:site_name\" content=\"La Villa Augustine\" \/>\n<meta property=\"article:modified_time\" content=\"2022-04-08T23:16:26+00:00\" \/>\n<meta name=\"twitter:card\" content=\"summary_large_image\" \/>\n<meta name=\"twitter:label1\" content=\"Gesch\u00e4tzte Lesezeit\" \/>\n\t<meta name=\"twitter:data1\" content=\"3\u00a0Minuten\" \/>\n<script type=\"application\/ld+json\" class=\"yoast-schema-graph\">{\"@context\":\"https:\/\/schema.org\",\"@graph\":[{\"@type\":\"WebPage\",\"@id\":\"https:\/\/www.la-villa-augustine.com\/de\/rechtliche-hinweise\/\",\"url\":\"https:\/\/www.la-villa-augustine.com\/de\/rechtliche-hinweise\/\",\"name\":\"Rechtliche Hinweise - La Villa Augustine\",\"isPartOf\":{\"@id\":\"https:\/\/www.la-villa-augustine.com\/de\/#website\"},\"datePublished\":\"2022-04-08T23:14:37+00:00\",\"dateModified\":\"2022-04-08T23:16:26+00:00\",\"breadcrumb\":{\"@id\":\"https:\/\/www.la-villa-augustine.com\/de\/rechtliche-hinweise\/#breadcrumb\"},\"inLanguage\":\"de\",\"potentialAction\":[{\"@type\":\"ReadAction\",\"target\":[\"https:\/\/www.la-villa-augustine.com\/de\/rechtliche-hinweise\/\"]}]},{\"@type\":\"BreadcrumbList\",\"@id\":\"https:\/\/www.la-villa-augustine.com\/de\/rechtliche-hinweise\/#breadcrumb\",\"itemListElement\":[{\"@type\":\"ListItem\",\"position\":1,\"name\":\"Accueil\",\"item\":\"https:\/\/www.la-villa-augustine.com\/de\/\"},{\"@type\":\"ListItem\",\"position\":2,\"name\":\"Rechtliche Hinweise\"}]},{\"@type\":\"WebSite\",\"@id\":\"https:\/\/www.la-villa-augustine.com\/de\/#website\",\"url\":\"https:\/\/www.la-villa-augustine.com\/de\/\",\"name\":\"La Villa Augustine\",\"description\":\"\",\"publisher\":{\"@id\":\"https:\/\/www.la-villa-augustine.com\/de\/#organization\"},\"potentialAction\":[{\"@type\":\"SearchAction\",\"target\":{\"@type\":\"EntryPoint\",\"urlTemplate\":\"https:\/\/www.la-villa-augustine.com\/de\/?s={search_term_string}\"},\"query-input\":{\"@type\":\"PropertyValueSpecification\",\"valueRequired\":true,\"valueName\":\"search_term_string\"}}],\"inLanguage\":\"de\"},{\"@type\":\"Organization\",\"@id\":\"https:\/\/www.la-villa-augustine.com\/de\/#organization\",\"name\":\"La Villa Augustine\",\"url\":\"https:\/\/www.la-villa-augustine.com\/de\/\",\"logo\":{\"@type\":\"ImageObject\",\"inLanguage\":\"de\",\"@id\":\"https:\/\/www.la-villa-augustine.com\/de\/#\/schema\/logo\/image\/\",\"url\":\"https:\/\/www.la-villa-augustine.com\/wp-content\/uploads\/2021\/12\/cropped-logo.jpg\",\"contentUrl\":\"https:\/\/www.la-villa-augustine.com\/wp-content\/uploads\/2021\/12\/cropped-logo.jpg\",\"width\":512,\"height\":512,\"caption\":\"La Villa Augustine\"},\"image\":{\"@id\":\"https:\/\/www.la-villa-augustine.com\/de\/#\/schema\/logo\/image\/\"}}]}<\/script>\n<!-- \/ Yoast SEO plugin. -->","yoast_head_json":{"title":"Rechtliche Hinweise - La Villa Augustine","robots":{"index":"index","follow":"follow","max-snippet":"max-snippet:-1","max-image-preview":"max-image-preview:large","max-video-preview":"max-video-preview:-1"},"canonical":"https:\/\/www.la-villa-augustine.com\/de\/rechtliche-hinweise\/","og_locale":"de_DE","og_type":"article","og_title":"Rechtliche Hinweise - La Villa Augustine","og_description":"(Geregelt durch das Gesetz Nr. 2004-575 vom 21. Juni 2004 zur F\u00f6rderung des Vertrauens in die digitale Wirtschaft) Herausgeber der Website Der Herausgeber dieser Website ist SCI VILLA AUGUSTE (Handelsname: La Villa Augustine) mit Sitz in: 6 rue de Blainville 76200 DIEPPE Telefon: + 33 (0) 6 73 75 93 96 E-Mail: contact@la-villa-augustine.com &nbsp; Die...","og_url":"https:\/\/www.la-villa-augustine.com\/de\/rechtliche-hinweise\/","og_site_name":"La Villa Augustine","article_modified_time":"2022-04-08T23:16:26+00:00","twitter_card":"summary_large_image","twitter_misc":{"Gesch\u00e4tzte Lesezeit":"3\u00a0Minuten"},"schema":{"@context":"https:\/\/schema.org","@graph":[{"@type":"WebPage","@id":"https:\/\/www.la-villa-augustine.com\/de\/rechtliche-hinweise\/","url":"https:\/\/www.la-villa-augustine.com\/de\/rechtliche-hinweise\/","name":"Rechtliche Hinweise - La Villa Augustine","isPartOf":{"@id":"https:\/\/www.la-villa-augustine.com\/de\/#website"},"datePublished":"2022-04-08T23:14:37+00:00","dateModified":"2022-04-08T23:16:26+00:00","breadcrumb":{"@id":"https:\/\/www.la-villa-augustine.com\/de\/rechtliche-hinweise\/#breadcrumb"},"inLanguage":"de","potentialAction":[{"@type":"ReadAction","target":["https:\/\/www.la-villa-augustine.com\/de\/rechtliche-hinweise\/"]}]},{"@type":"BreadcrumbList","@id":"https:\/\/www.la-villa-augustine.com\/de\/rechtliche-hinweise\/#breadcrumb","itemListElement":[{"@type":"ListItem","position":1,"name":"Accueil","item":"https:\/\/www.la-villa-augustine.com\/de\/"},{"@type":"ListItem","position":2,"name":"Rechtliche Hinweise"}]},{"@type":"WebSite","@id":"https:\/\/www.la-villa-augustine.com\/de\/#website","url":"https:\/\/www.la-villa-augustine.com\/de\/","name":"La Villa Augustine","description":"","publisher":{"@id":"https:\/\/www.la-villa-augustine.com\/de\/#organization"},"potentialAction":[{"@type":"SearchAction","target":{"@type":"EntryPoint","urlTemplate":"https:\/\/www.la-villa-augustine.com\/de\/?s={search_term_string}"},"query-input":{"@type":"PropertyValueSpecification","valueRequired":true,"valueName":"search_term_string"}}],"inLanguage":"de"},{"@type":"Organization","@id":"https:\/\/www.la-villa-augustine.com\/de\/#organization","name":"La Villa Augustine","url":"https:\/\/www.la-villa-augustine.com\/de\/","logo":{"@type":"ImageObject","inLanguage":"de","@id":"https:\/\/www.la-villa-augustine.com\/de\/#\/schema\/logo\/image\/","url":"https:\/\/www.la-villa-augustine.com\/wp-content\/uploads\/2021\/12\/cropped-logo.jpg","contentUrl":"https:\/\/www.la-villa-augustine.com\/wp-content\/uploads\/2021\/12\/cropped-logo.jpg","width":512,"height":512,"caption":"La Villa Augustine"},"image":{"@id":"https:\/\/www.la-villa-augustine.com\/de\/#\/schema\/logo\/image\/"}}]}},"_links":{"self":[{"href":"https:\/\/www.la-villa-augustine.com\/de\/wp-json\/wp\/v2\/pages\/12628","targetHints":{"allow":["GET"]}}],"collection":[{"href":"https:\/\/www.la-villa-augustine.com\/de\/wp-json\/wp\/v2\/pages"}],"about":[{"href":"https:\/\/www.la-villa-augustine.com\/de\/wp-json\/wp\/v2\/types\/page"}],"author":[{"embeddable":true,"href":"https:\/\/www.la-villa-augustine.com\/de\/wp-json\/wp\/v2\/users\/1"}],"replies":[{"embeddable":true,"href":"https:\/\/www.la-villa-augustine.com\/de\/wp-json\/wp\/v2\/comments?post=12628"}],"version-history":[{"count":3,"href":"https:\/\/www.la-villa-augustine.com\/de\/wp-json\/wp\/v2\/pages\/12628\/revisions"}],"predecessor-version":[{"id":12633,"href":"https:\/\/www.la-villa-augustine.com\/de\/wp-json\/wp\/v2\/pages\/12628\/revisions\/12633"}],"wp:attachment":[{"href":"https:\/\/www.la-villa-augustine.com\/de\/wp-json\/wp\/v2\/media?parent=12628"}],"curies":[{"name":"wp","href":"https:\/\/api.w.org\/{rel}","templated":true}]}}